{"id":2937,"date":"2024-02-29T09:08:28","date_gmt":"2024-02-29T07:08:28","guid":{"rendered":"https:\/\/jobnorway.no\/?page_id=2937"},"modified":"2024-02-29T09:08:29","modified_gmt":"2024-02-29T07:08:29","slug":"data-protection-statement","status":"publish","type":"page","link":"https:\/\/jobnorway.no\/no\/data-protection-statement\/","title":{"rendered":"Personvernerkl\u00e6ring"},"content":{"rendered":"<div data-elementor-type=\"wp-page\" data-elementor-id=\"2937\" class=\"elementor elementor-2937\">\n\t\t\t\t\t\t<section class=\"elementor-section elementor-top-section elementor-element elementor-element-2cf1bef4 elementor-section-boxed elementor-section-height-default elementor-section-height-default\" data-id=\"2cf1bef4\" data-element_type=\"section\" data-e-type=\"section\">\n\t\t\t\t\t\t<div class=\"elementor-container elementor-column-gap-default\">\n\t\t\t\t\t<div class=\"elementor-column elementor-col-100 elementor-top-column elementor-element elementor-element-2f757da0\" data-id=\"2f757da0\" data-element_type=\"column\" data-e-type=\"column\">\n\t\t\t<div class=\"elementor-widget-wrap elementor-element-populated\">\n\t\t\t\t\t\t<div class=\"elementor-element elementor-element-7f3a5fb2 elementor-widget elementor-widget-text-editor\" data-id=\"7f3a5fb2\" data-element_type=\"widget\" data-e-type=\"widget\" data-widget_type=\"text-editor.default\">\n\t\t\t\t<div class=\"elementor-widget-container\">\n\t\t\t\t\t\t\t\t\t<p>Velkommen til Job Norway NUF. Vi verdsetter ditt privatliv og er forpliktet til \u00e5 beskytte dine personopplysninger. Denne personvernerkl\u00e6ringen beskriver hvordan vi h\u00e5ndterer dataene dine mens vi respekterer ditt privatliv og dine rettigheter.<\/p>\n<p><strong>Forpliktelse til personvern<\/strong><br \/>Job Norway NUF tar personvernet til sine kunder, kandidater og bes\u00f8kende p\u00e5 alvor. Vi er dedikert til \u00e5 opprettholde kundens privatliv og sikre alle personopplysninger vi mottar. Denne policyen forklarer hvordan informasjonen du sender til oss under rekrutteringsprosessen blir h\u00e5ndtert. Vi vil s\u00f8rge for at informasjonen du sender til oss under rekrutteringsprosessen forblir privat og kun brukes til form\u00e5lene som er angitt i denne policyen.<\/p>\n<p><strong>Datainnsamling og behandling<\/strong><\/p>\n<p>Job Norway samler inn personopplysninger under de tjenestene vi tilbyr og i rekrutteringsprosessen. Disse opplysningene innhentes med ditt samtykke og kan inkludere informasjon som navn, adresse, nasjonalitet, e-postadresse, telefonnummer, arbeidserfaring og utdanningsdetaljer. Kunder har full tilgang til sine data og kan administrere bruken av dem.<\/p>\n<p>Vi behandler personopplysninger for \u00e5 tilby v\u00e5re tjenester og lette rekrutteringsprosessen, som inkluderer:<\/p>\n<ol>\n<li>Samsvarende dine personopplysninger med ledige stillinger.<\/li>\n<li>Hjelpe deg med \u00e5 finne stillingen som passer best for deg.<\/li>\n<li>Holde deg informert om Job Norway sine tjenester, nyheter og utviklinger innen ditt valgte felt.<\/li>\n<\/ol>\n<p><strong>Profilering<\/strong><\/p>\n<p>Vi lager en jobbs\u00f8kerprofil basert p\u00e5 informasjonen du oppgir. Form\u00e5let med jobbs\u00f8kerprofilen er \u00e5 tilby deg den best mulige servicen. N\u00e5r vi vet hva du er interessert i, kan vi tilby deg jobber og profesjonelt innhold som artikler, blogginnlegg og tips til jobbs\u00f8k som samsvarer med dine interesser.<\/p>\n<p>I tillegg til informasjonen du oppgir for profilering, bruker vi dataene vi mottar fra informasjonskapsler. Gjennom informasjonskapsler f\u00e5r vi informasjon om f.eks. oppf\u00f8rselen til en bestemt nettleser p\u00e5 siden (sider som lastes inn, tid brukt p\u00e5 sidene, enhet som brukes og lokasjon).<\/p>\n<p><br \/><strong>Sensitive data mottatt og behandlet<\/strong><br \/>Job Norway mottar og behandler sensitive personopplysninger bare i den grad det er n\u00f8dvendig for \u00e5 sikre at det overholder lovkrav, for eksempel under lovene om like muligheter, asyl, helse og innvandringslovgivning.<\/p>\n<p><br \/><strong>Samtykke<\/strong><br \/>Ved \u00e5 bruke dette nettstedet og ved \u00e5 gi dine opplysninger til Job Norway, samtykker du til at selskapet samler inn og behandler sensitive personopplysninger som du har oppgitt. Dette inkluderer \u00e5 avsl\u00f8re denne informasjonen til potensielle arbeidsgivere og kunder i forbindelse med rekrutteringsprosessen.<\/p>\n<p><strong>Tredjepart og deling<\/strong><\/p>\n<p>Job Norway deler eller leier ikke ut personlig informasjon til tredjepart med mindre:<\/p>\n<ul>\n<li>Kandidaten gir eksplisitt samtykke til \u00e5 dele informasjon med v\u00e5re kunders organisasjoner.<\/li>\n<li>Kandidater s\u00f8ker ansettelse hos en tredjepartsorganisasjon gjennom Job Norways tjenester, og tredjepartsorganisasjonen ber om informasjon for evaluering.<\/li>\n<li>Det er n\u00f8dvendig \u00e5 levere et produkt eller en tjeneste som kandidaten har bedt om.<\/li>\n<li>Job Norway er forpliktet til \u00e5 gj\u00f8re det i henhold til lovprosesser eller som svar p\u00e5 en rettskjennelse eller legitim foresp\u00f8rsel fra en relevant myndighet.<\/li>\n<\/ul>\n<p><strong>Markedsf\u00f8ring<\/strong><\/p>\n<p>Job Norway NUF kan bruke informasjonen som er samlet inn om deg til markedsf\u00f8ringsform\u00e5l for \u00e5 forbedre din opplevelse og gi relevant innhold. Dette kan inkludere, men er ikke begrenset til, \u00e5 vise innhold p\u00e5 tredjeparts nettsteder og plattformer, sende sporadiske e-poster om \u00e5pne stillinger, eller dele innhold relatert til arbeid og liv som kan v\u00e6re av interesse for deg.<\/p>\n<p>Selv om vi av og til kan sende markedsf\u00f8rings-e-poster, vil vi aldri kontakte deg for markedsf\u00f8ringsform\u00e5l via telefonanrop. Videre forplikter vi oss til ikke \u00e5 dele telefonnummeret ditt, e-postadressen din eller annen informasjon med tredjepart for at de skal bruke det i sine direkte markedsf\u00f8ringsinnsatser.<\/p>\n<p>Job Norway har som m\u00e5l \u00e5 sikre at v\u00e5re markedsf\u00f8ringspraksiser er i samsvar med dine preferanser, og du har muligheten til \u00e5 administrere dine kommunikasjonsinnstillinger n\u00e5r som helst. Hvis du \u00f8nsker \u00e5 melde deg av markedsf\u00f8ringskommunikasjonen, kan du gj\u00f8re det ved \u00e5 f\u00f8lge instruksjonene som er angitt i v\u00e5re markedsf\u00f8rings-e-poster, eller ved \u00e5 kontakte oss direkte.<\/p>\n<p><strong>Databeskyttelse<\/strong><br \/>Sikkerheten til dine data er avgj\u00f8rende for Job Norway. Tilgangen til dine personopplysninger er begrenset til v\u00e5rt personale og klienten for \u00e5 bist\u00e5 med levering av v\u00e5re tjenester og rekrutteringsprosessen.<\/p>\n<p><strong>Endringer i denne policyen<\/strong><br \/>Job Norway kan endre vilk\u00e5rene i denne personvernerkl\u00e6ringen for \u00e5 forbedre v\u00e5re tjenester. Hvis det skjer en vesentlig endring i m\u00e5ten vi bruker dine personopplysninger p\u00e5, vil du bli varslet via e-post og gitt en lenke til en passende nettside der vi ber om ditt samtykke.<\/p>\n<p><strong>Fjerning av data<\/strong><br \/>Job Norway vil lagre dine personopplysninger s\u00e5 lenge det er n\u00f8dvendig for \u00e5 oppfylle forpliktelsen og samtykket. Klienten har rett til \u00e5 bli glemt og trekke tilbake samtykke, enten ved \u00e5 ringe oss eller sende oss en e-post.<\/p>\n<p><br \/>Vi anerkjenner v\u00e5r kritiske rolle i \u00e5 beskytte personopplysninger p\u00e5 vegne av v\u00e5re kunder, kandidater og alle medlemmer av Job Norway-partnerskapet. V\u00e5r forpliktelse er \u00e5 sikre at alle personopplysninger som deles og behandles innen Job Norway, er beskyttet, private og sikre, i samsvar med den generelle databeskyttelsesforordningen (GDPR) og annen databeskyttelseslovgivning.<\/p>\t\t\t\t\t\t\t\t<\/div>\n\t\t\t\t<\/div>\n\t\t\t\t\t<\/div>\n\t\t<\/div>\n\t\t\t\t\t<\/div>\n\t\t<\/section>\n\t\t\t\t<\/div>","protected":false},"excerpt":{"rendered":"<p>Welcome to Job Norway NUF. We value your privacy and are committed to safeguarding your personal information. This privacy policy outlines how we handle your data while respecting your privacy and rights. Privacy CommitmentJob Norway NUF takes the privacy of its clients, candidates, and visitors seriously. We are dedicated to maintaining customer privacy and ensuring [&hellip;]<\/p>\n","protected":false},"author":1,"featured_media":0,"parent":0,"menu_order":0,"comment_status":"closed","ping_status":"open","template":"","meta":{"om_disable_all_campaigns":false,"_monsterinsights_skip_tracking":false,"_monsterinsights_sitenote_active":false,"_monsterinsights_sitenote_note":"","_monsterinsights_sitenote_category":0,"site-sidebar-layout":"default","site-content-layout":"","ast-site-content-layout":"default","site-content-style":"default","site-sidebar-style":"default","ast-global-header-display":"","ast-banner-title-visibility":"","ast-main-header-display":"","ast-hfb-above-header-display":"","ast-hfb-below-header-display":"","ast-hfb-mobile-header-display":"","site-post-title":"","ast-breadcrumbs-content":"","ast-featured-img":"","footer-sml-layout":"","ast-disable-related-posts":"","theme-transparent-header-meta":"","adv-header-id-meta":"","stick-header-meta":"","header-above-stick-meta":"","header-main-stick-meta":"","header-below-stick-meta":"","astra-migrate-meta-layouts":"set","ast-page-background-enabled":"default","ast-page-background-meta":{"desktop":{"background-color":"","background-image":"","background-repeat":"repeat","background-position":"center center","background-size":"auto","background-attachment":"scroll","background-type":"","background-media":"","overlay-type":"","overlay-color":"","overlay-opacity":"","overlay-gradient":""},"tablet":{"background-color":"","background-image":"","background-repeat":"repeat","background-position":"center center","background-size":"auto","background-attachment":"scroll","background-type":"","background-media":"","overlay-type":"","overlay-color":"","overlay-opacity":"","overlay-gradient":""},"mobile":{"background-color":"","background-image":"","background-repeat":"repeat","background-position":"center center","background-size":"auto","background-attachment":"scroll","background-type":"","background-media":"","overlay-type":"","overlay-color":"","overlay-opacity":"","overlay-gradient":""}},"ast-content-background-meta":{"desktop":{"background-color":"var(--ast-global-color-5)","background-image":"","background-repeat":"repeat","background-position":"center center","background-size":"auto","background-attachment":"scroll","background-type":"","background-media":"","overlay-type":"","overlay-color":"","overlay-opacity":"","overlay-gradient":""},"tablet":{"background-color":"var(--ast-global-color-5)","background-image":"","background-repeat":"repeat","background-position":"center center","background-size":"auto","background-attachment":"scroll","background-type":"","background-media":"","overlay-type":"","overlay-color":"","overlay-opacity":"","overlay-gradient":""},"mobile":{"background-color":"var(--ast-global-color-5)","background-image":"","background-repeat":"repeat","background-position":"center center","background-size":"auto","background-attachment":"scroll","background-type":"","background-media":"","overlay-type":"","overlay-color":"","overlay-opacity":"","overlay-gradient":""}},"footnotes":""},"class_list":["post-2937","page","type-page","status-publish","hentry"],"yoast_head":"<!-- This site is optimized with the Yoast SEO plugin v27.5 - https:\/\/yoast.com\/product\/yoast-seo-wordpress\/ -->\n<title>Data protection statement - Job Norway<\/title>\n<meta name=\"robots\" content=\"index, follow, max-snippet:-1, max-image-preview:large, max-video-preview:-1\" \/>\n<link rel=\"canonical\" href=\"https:\/\/jobnorway.no\/no\/data-protection-statement\/\" \/>\n<meta property=\"og:locale\" content=\"nb_NO\" \/>\n<meta property=\"og:type\" content=\"article\" \/>\n<meta property=\"og:title\" content=\"Data protection statement - Job Norway\" \/>\n<meta property=\"og:description\" content=\"Welcome to Job Norway NUF. We value your privacy and are committed to safeguarding your personal information. This privacy policy outlines how we handle your data while respecting your privacy and rights. Privacy CommitmentJob Norway NUF takes the privacy of its clients, candidates, and visitors seriously. We are dedicated to maintaining customer privacy and ensuring [&hellip;]\" \/>\n<meta property=\"og:url\" content=\"https:\/\/jobnorway.no\/no\/data-protection-statement\/\" \/>\n<meta property=\"og:site_name\" content=\"Job Norway\" \/>\n<meta property=\"article:publisher\" content=\"https:\/\/www.facebook.com\/jobnorwaynuf\" \/>\n<meta property=\"article:modified_time\" content=\"2024-02-29T07:08:29+00:00\" \/>\n<meta property=\"og:image\" content=\"https:\/\/jobnorway.no\/wp-content\/uploads\/2023\/09\/portrait-doctor-team-connecting-hands-stacking.jpg\" \/>\n\t<meta property=\"og:image:width\" content=\"898\" \/>\n\t<meta property=\"og:image:height\" content=\"682\" \/>\n\t<meta property=\"og:image:type\" content=\"image\/jpeg\" \/>\n<meta name=\"twitter:label1\" content=\"Ansl. lesetid\" \/>\n\t<meta name=\"twitter:data1\" content=\"5 minutter\" \/>\n<script type=\"application\/ld+json\" class=\"yoast-schema-graph\">{\"@context\":\"https:\\\/\\\/schema.org\",\"@graph\":[{\"@type\":\"WebPage\",\"@id\":\"https:\\\/\\\/jobnorway.no\\\/data-protection-statement\\\/\",\"url\":\"https:\\\/\\\/jobnorway.no\\\/data-protection-statement\\\/\",\"name\":\"Data protection statement - Job Norway\",\"isPartOf\":{\"@id\":\"https:\\\/\\\/jobnorway.no\\\/#website\"},\"datePublished\":\"2024-02-29T07:08:28+00:00\",\"dateModified\":\"2024-02-29T07:08:29+00:00\",\"breadcrumb\":{\"@id\":\"https:\\\/\\\/jobnorway.no\\\/data-protection-statement\\\/#breadcrumb\"},\"inLanguage\":\"nb-NO\",\"potentialAction\":[{\"@type\":\"ReadAction\",\"target\":[\"https:\\\/\\\/jobnorway.no\\\/data-protection-statement\\\/\"]}]},{\"@type\":\"BreadcrumbList\",\"@id\":\"https:\\\/\\\/jobnorway.no\\\/data-protection-statement\\\/#breadcrumb\",\"itemListElement\":[{\"@type\":\"ListItem\",\"position\":1,\"name\":\"Home\",\"item\":\"https:\\\/\\\/jobnorway.no\\\/\"},{\"@type\":\"ListItem\",\"position\":2,\"name\":\"Data protection statement\"}]},{\"@type\":\"WebSite\",\"@id\":\"https:\\\/\\\/jobnorway.no\\\/#website\",\"url\":\"https:\\\/\\\/jobnorway.no\\\/\",\"name\":\"Job Norway\",\"description\":\"Perfect jobs in Norway\",\"publisher\":{\"@id\":\"https:\\\/\\\/jobnorway.no\\\/#organization\"},\"potentialAction\":[{\"@type\":\"SearchAction\",\"target\":{\"@type\":\"EntryPoint\",\"urlTemplate\":\"https:\\\/\\\/jobnorway.no\\\/?s={search_term_string}\"},\"query-input\":{\"@type\":\"PropertyValueSpecification\",\"valueRequired\":true,\"valueName\":\"search_term_string\"}}],\"inLanguage\":\"nb-NO\"},{\"@type\":\"Organization\",\"@id\":\"https:\\\/\\\/jobnorway.no\\\/#organization\",\"name\":\"Job Norway NUF\",\"url\":\"https:\\\/\\\/jobnorway.no\\\/\",\"logo\":{\"@type\":\"ImageObject\",\"inLanguage\":\"nb-NO\",\"@id\":\"https:\\\/\\\/jobnorway.no\\\/#\\\/schema\\\/logo\\\/image\\\/\",\"url\":\"https:\\\/\\\/jobnorway.no\\\/wp-content\\\/uploads\\\/2022\\\/07\\\/JobNorway-2-e1658138554262.png\",\"contentUrl\":\"https:\\\/\\\/jobnorway.no\\\/wp-content\\\/uploads\\\/2022\\\/07\\\/JobNorway-2-e1658138554262.png\",\"width\":1000,\"height\":195,\"caption\":\"Job Norway NUF\"},\"image\":{\"@id\":\"https:\\\/\\\/jobnorway.no\\\/#\\\/schema\\\/logo\\\/image\\\/\"},\"sameAs\":[\"https:\\\/\\\/www.facebook.com\\\/jobnorwaynuf\"]}]}<\/script>\n<!-- \/ Yoast SEO plugin. -->","yoast_head_json":{"title":"Data protection statement - Job Norway","robots":{"index":"index","follow":"follow","max-snippet":"max-snippet:-1","max-image-preview":"max-image-preview:large","max-video-preview":"max-video-preview:-1"},"canonical":"https:\/\/jobnorway.no\/no\/data-protection-statement\/","og_locale":"nb_NO","og_type":"article","og_title":"Data protection statement - Job Norway","og_description":"Welcome to Job Norway NUF. We value your privacy and are committed to safeguarding your personal information. This privacy policy outlines how we handle your data while respecting your privacy and rights. Privacy CommitmentJob Norway NUF takes the privacy of its clients, candidates, and visitors seriously. We are dedicated to maintaining customer privacy and ensuring [&hellip;]","og_url":"https:\/\/jobnorway.no\/no\/data-protection-statement\/","og_site_name":"Job Norway","article_publisher":"https:\/\/www.facebook.com\/jobnorwaynuf","article_modified_time":"2024-02-29T07:08:29+00:00","og_image":[{"width":898,"height":682,"url":"https:\/\/jobnorway.no\/wp-content\/uploads\/2023\/09\/portrait-doctor-team-connecting-hands-stacking.jpg","type":"image\/jpeg"}],"twitter_misc":{"Ansl. lesetid":"5 minutter"},"schema":{"@context":"https:\/\/schema.org","@graph":[{"@type":"WebPage","@id":"https:\/\/jobnorway.no\/data-protection-statement\/","url":"https:\/\/jobnorway.no\/data-protection-statement\/","name":"Data protection statement - Job Norway","isPartOf":{"@id":"https:\/\/jobnorway.no\/#website"},"datePublished":"2024-02-29T07:08:28+00:00","dateModified":"2024-02-29T07:08:29+00:00","breadcrumb":{"@id":"https:\/\/jobnorway.no\/data-protection-statement\/#breadcrumb"},"inLanguage":"nb-NO","potentialAction":[{"@type":"ReadAction","target":["https:\/\/jobnorway.no\/data-protection-statement\/"]}]},{"@type":"BreadcrumbList","@id":"https:\/\/jobnorway.no\/data-protection-statement\/#breadcrumb","itemListElement":[{"@type":"ListItem","position":1,"name":"Home","item":"https:\/\/jobnorway.no\/"},{"@type":"ListItem","position":2,"name":"Data protection statement"}]},{"@type":"WebSite","@id":"https:\/\/jobnorway.no\/#website","url":"https:\/\/jobnorway.no\/","name":"Job Norway","description":"Perfect jobs in Norway","publisher":{"@id":"https:\/\/jobnorway.no\/#organization"},"potentialAction":[{"@type":"SearchAction","target":{"@type":"EntryPoint","urlTemplate":"https:\/\/jobnorway.no\/?s={search_term_string}"},"query-input":{"@type":"PropertyValueSpecification","valueRequired":true,"valueName":"search_term_string"}}],"inLanguage":"nb-NO"},{"@type":"Organization","@id":"https:\/\/jobnorway.no\/#organization","name":"Job Norway NUF","url":"https:\/\/jobnorway.no\/","logo":{"@type":"ImageObject","inLanguage":"nb-NO","@id":"https:\/\/jobnorway.no\/#\/schema\/logo\/image\/","url":"https:\/\/jobnorway.no\/wp-content\/uploads\/2022\/07\/JobNorway-2-e1658138554262.png","contentUrl":"https:\/\/jobnorway.no\/wp-content\/uploads\/2022\/07\/JobNorway-2-e1658138554262.png","width":1000,"height":195,"caption":"Job Norway NUF"},"image":{"@id":"https:\/\/jobnorway.no\/#\/schema\/logo\/image\/"},"sameAs":["https:\/\/www.facebook.com\/jobnorwaynuf"]}]}},"_links":{"self":[{"href":"https:\/\/jobnorway.no\/no\/wp-json\/wp\/v2\/pages\/2937","targetHints":{"allow":["GET"]}}],"collection":[{"href":"https:\/\/jobnorway.no\/no\/wp-json\/wp\/v2\/pages"}],"about":[{"href":"https:\/\/jobnorway.no\/no\/wp-json\/wp\/v2\/types\/page"}],"author":[{"embeddable":true,"href":"https:\/\/jobnorway.no\/no\/wp-json\/wp\/v2\/users\/1"}],"replies":[{"embeddable":true,"href":"https:\/\/jobnorway.no\/no\/wp-json\/wp\/v2\/comments?post=2937"}],"version-history":[{"count":1,"href":"https:\/\/jobnorway.no\/no\/wp-json\/wp\/v2\/pages\/2937\/revisions"}],"predecessor-version":[{"id":3015,"href":"https:\/\/jobnorway.no\/no\/wp-json\/wp\/v2\/pages\/2937\/revisions\/3015"}],"wp:attachment":[{"href":"https:\/\/jobnorway.no\/no\/wp-json\/wp\/v2\/media?parent=2937"}],"curies":[{"name":"wp","href":"https:\/\/api.w.org\/{rel}","templated":true}]}}